{"id":7,"date":"2026-01-14T16:08:47","date_gmt":"2026-01-14T16:08:47","guid":{"rendered":"https:\/\/startbeglobal.com\/?page_id=7"},"modified":"2026-03-06T15:16:52","modified_gmt":"2026-03-06T15:16:52","slug":"home","status":"publish","type":"page","link":"https:\/\/www.startbeglobal.com\/en\/","title":{"rendered":"Home"},"content":{"rendered":"","protected":false},"excerpt":{"rendered":"","protected":false},"author":1,"featured_media":0,"parent":0,"menu_order":0,"comment_status":"closed","ping_status":"closed","template":"template-pages\/home.php","meta":{"footnotes":""},"class_list":["post-7","page","type-page","status-publish","hentry"],"yoast_head":"<!-- This site is optimized with the Yoast SEO Premium plugin v27.1 (Yoast SEO v27.3) - https:\/\/yoast.com\/product\/yoast-seo-premium-wordpress\/ -->\n<title>Start! Be Global | Assessoria de Cidadania Europeia e Vistos para Portugal<\/title>\n<meta name=\"description\" content=\"Conquiste sua cidadania ou visto para Portugal, It\u00e1lia e Espanha com seguran\u00e7a jur\u00eddica e atendimento personalizado. Transformamos sua jornada internacional em um projeto de vida. Fale com um especialista.\" \/>\n<meta name=\"robots\" content=\"index, follow, max-snippet:-1, max-image-preview:large, max-video-preview:-1\" \/>\n<link rel=\"canonical\" href=\"https:\/\/www.startbeglobal.com\/en\/\" \/>\n<meta property=\"og:locale\" content=\"en_US\" \/>\n<meta property=\"og:type\" content=\"article\" \/>\n<meta property=\"og:title\" content=\"Start! Be Global | Assessoria de Cidadania Europeia e Vistos para Portugal\" \/>\n<meta property=\"og:description\" content=\"Conquiste sua cidadania ou visto para Portugal, It\u00e1lia e Espanha com seguran\u00e7a jur\u00eddica e atendimento personalizado. Transformamos sua jornada internacional em um projeto de vida. Fale com um especialista.\" \/>\n<meta property=\"og:url\" content=\"https:\/\/www.startbeglobal.com\/en\/\" \/>\n<meta property=\"og:site_name\" content=\"Start Be Global\" \/>\n<meta property=\"article:publisher\" content=\"https:\/\/www.facebook.com\/startbeglobal\/\" \/>\n<meta property=\"article:modified_time\" content=\"2026-03-06T15:16:52+00:00\" \/>\n<meta property=\"og:image\" content=\"https:\/\/www.startbeglobal.com\/wp-content\/uploads\/2026\/02\/seo-1024x576.png\" \/>\n\t<meta property=\"og:image:width\" content=\"1024\" \/>\n\t<meta property=\"og:image:height\" content=\"576\" \/>\n\t<meta property=\"og:image:type\" content=\"image\/png\" \/>\n<meta name=\"twitter:card\" content=\"summary_large_image\" \/>\n<meta name=\"twitter:title\" content=\"Start! Be Global | Assessoria de Cidadania Europeia e Vistos para Portugal\" \/>\n<meta name=\"twitter:description\" content=\"Conquiste sua cidadania ou visto para Portugal, It\u00e1lia e Espanha com seguran\u00e7a jur\u00eddica e atendimento personalizado. Transformamos sua jornada internacional em um projeto de vida. Fale com um especialista.\" \/>\n<meta name=\"twitter:site\" content=\"@startbeglobal\" \/>\n<script type=\"application\/ld+json\" class=\"yoast-schema-graph\">{\"@context\":\"https:\\\/\\\/schema.org\",\"@graph\":[{\"@type\":\"WebPage\",\"@id\":\"https:\\\/\\\/www.startbeglobal.com\\\/\",\"url\":\"https:\\\/\\\/www.startbeglobal.com\\\/\",\"name\":\"Start! Be Global | Assessoria de Cidadania Europeia e Vistos para Portugal\",\"isPartOf\":{\"@id\":\"https:\\\/\\\/www.startbeglobal.com\\\/#website\"},\"datePublished\":\"2026-01-14T16:08:47+00:00\",\"dateModified\":\"2026-03-06T15:16:52+00:00\",\"description\":\"Conquiste sua cidadania ou visto para Portugal, It\u00e1lia e Espanha com seguran\u00e7a jur\u00eddica e atendimento personalizado. Transformamos sua jornada internacional em um projeto de vida. Fale com um especialista.\",\"breadcrumb\":{\"@id\":\"https:\\\/\\\/www.startbeglobal.com\\\/#breadcrumb\"},\"inLanguage\":\"en-US\",\"potentialAction\":[{\"@type\":\"ReadAction\",\"target\":[\"https:\\\/\\\/www.startbeglobal.com\\\/\"]}]},{\"@type\":\"BreadcrumbList\",\"@id\":\"https:\\\/\\\/www.startbeglobal.com\\\/#breadcrumb\",\"itemListElement\":[{\"@type\":\"ListItem\",\"position\":1,\"name\":\"In\u00edcio\",\"item\":\"https:\\\/\\\/www.startbeglobal.com\\\/\"},{\"@type\":\"ListItem\",\"position\":2,\"name\":\"Home\"}]},{\"@type\":\"WebSite\",\"@id\":\"https:\\\/\\\/www.startbeglobal.com\\\/#website\",\"url\":\"https:\\\/\\\/www.startbeglobal.com\\\/\",\"name\":\"Start Be Global\",\"description\":\"Assessoria de Cidadania Europeia e Vistos para Portugal\",\"publisher\":{\"@id\":\"https:\\\/\\\/www.startbeglobal.com\\\/#organization\"},\"potentialAction\":[{\"@type\":\"SearchAction\",\"target\":{\"@type\":\"EntryPoint\",\"urlTemplate\":\"https:\\\/\\\/www.startbeglobal.com\\\/?s={search_term_string}\"},\"query-input\":{\"@type\":\"PropertyValueSpecification\",\"valueRequired\":true,\"valueName\":\"search_term_string\"}}],\"inLanguage\":\"en-US\"},{\"@type\":\"Organization\",\"@id\":\"https:\\\/\\\/www.startbeglobal.com\\\/#organization\",\"name\":\"Start Be Global\",\"url\":\"https:\\\/\\\/www.startbeglobal.com\\\/\",\"logo\":{\"@type\":\"ImageObject\",\"inLanguage\":\"en-US\",\"@id\":\"https:\\\/\\\/www.startbeglobal.com\\\/#\\\/schema\\\/logo\\\/image\\\/\",\"url\":\"https:\\\/\\\/www.startbeglobal.com\\\/wp-content\\\/uploads\\\/2026\\\/01\\\/logo.png\",\"contentUrl\":\"https:\\\/\\\/www.startbeglobal.com\\\/wp-content\\\/uploads\\\/2026\\\/01\\\/logo.png\",\"width\":118,\"height\":37,\"caption\":\"Start Be Global\"},\"image\":{\"@id\":\"https:\\\/\\\/www.startbeglobal.com\\\/#\\\/schema\\\/logo\\\/image\\\/\"},\"sameAs\":[\"https:\\\/\\\/www.facebook.com\\\/startbeglobal\\\/\",\"https:\\\/\\\/x.com\\\/startbeglobal\",\"https:\\\/\\\/www.instagram.com\\\/startbeglobal\",\"https:\\\/\\\/www.linkedin.com\\\/company\\\/start-be-global\\\/\",\"https:\\\/\\\/www.youtube.com\\\/@StartBeGlobal\",\"https:\\\/\\\/www.tiktok.com\\\/@startbeglobal\"]}]}<\/script>\n<!-- \/ Yoast SEO Premium plugin. -->","yoast_head_json":{"title":"Start! Be Global | Assessoria de Cidadania Europeia e Vistos para Portugal","description":"Conquiste sua cidadania ou visto para Portugal, It\u00e1lia e Espanha com seguran\u00e7a jur\u00eddica e atendimento personalizado. Transformamos sua jornada internacional em um projeto de vida. Fale com um especialista.","robots":{"index":"index","follow":"follow","max-snippet":"max-snippet:-1","max-image-preview":"max-image-preview:large","max-video-preview":"max-video-preview:-1"},"canonical":"https:\/\/www.startbeglobal.com\/en\/","og_locale":"en_US","og_type":"article","og_title":"Start! Be Global | Assessoria de Cidadania Europeia e Vistos para Portugal","og_description":"Conquiste sua cidadania ou visto para Portugal, It\u00e1lia e Espanha com seguran\u00e7a jur\u00eddica e atendimento personalizado. Transformamos sua jornada internacional em um projeto de vida. Fale com um especialista.","og_url":"https:\/\/www.startbeglobal.com\/en\/","og_site_name":"Start Be Global","article_publisher":"https:\/\/www.facebook.com\/startbeglobal\/","article_modified_time":"2026-03-06T15:16:52+00:00","og_image":[{"width":1024,"height":576,"url":"https:\/\/www.startbeglobal.com\/wp-content\/uploads\/2026\/02\/seo-1024x576.png","type":"image\/png"}],"twitter_card":"summary_large_image","twitter_title":"Start! Be Global | Assessoria de Cidadania Europeia e Vistos para Portugal","twitter_description":"Conquiste sua cidadania ou visto para Portugal, It\u00e1lia e Espanha com seguran\u00e7a jur\u00eddica e atendimento personalizado. Transformamos sua jornada internacional em um projeto de vida. Fale com um especialista.","twitter_site":"@startbeglobal","schema":{"@context":"https:\/\/schema.org","@graph":[{"@type":"WebPage","@id":"https:\/\/www.startbeglobal.com\/","url":"https:\/\/www.startbeglobal.com\/","name":"Start! Be Global | Assessoria de Cidadania Europeia e Vistos para Portugal","isPartOf":{"@id":"https:\/\/www.startbeglobal.com\/#website"},"datePublished":"2026-01-14T16:08:47+00:00","dateModified":"2026-03-06T15:16:52+00:00","description":"Conquiste sua cidadania ou visto para Portugal, It\u00e1lia e Espanha com seguran\u00e7a jur\u00eddica e atendimento personalizado. Transformamos sua jornada internacional em um projeto de vida. Fale com um especialista.","breadcrumb":{"@id":"https:\/\/www.startbeglobal.com\/#breadcrumb"},"inLanguage":"en-US","potentialAction":[{"@type":"ReadAction","target":["https:\/\/www.startbeglobal.com\/"]}]},{"@type":"BreadcrumbList","@id":"https:\/\/www.startbeglobal.com\/#breadcrumb","itemListElement":[{"@type":"ListItem","position":1,"name":"In\u00edcio","item":"https:\/\/www.startbeglobal.com\/"},{"@type":"ListItem","position":2,"name":"Home"}]},{"@type":"WebSite","@id":"https:\/\/www.startbeglobal.com\/#website","url":"https:\/\/www.startbeglobal.com\/","name":"Start Be Global","description":"Assessoria de Cidadania Europeia e Vistos para Portugal","publisher":{"@id":"https:\/\/www.startbeglobal.com\/#organization"},"potentialAction":[{"@type":"SearchAction","target":{"@type":"EntryPoint","urlTemplate":"https:\/\/www.startbeglobal.com\/?s={search_term_string}"},"query-input":{"@type":"PropertyValueSpecification","valueRequired":true,"valueName":"search_term_string"}}],"inLanguage":"en-US"},{"@type":"Organization","@id":"https:\/\/www.startbeglobal.com\/#organization","name":"Start Be Global","url":"https:\/\/www.startbeglobal.com\/","logo":{"@type":"ImageObject","inLanguage":"en-US","@id":"https:\/\/www.startbeglobal.com\/#\/schema\/logo\/image\/","url":"https:\/\/www.startbeglobal.com\/wp-content\/uploads\/2026\/01\/logo.png","contentUrl":"https:\/\/www.startbeglobal.com\/wp-content\/uploads\/2026\/01\/logo.png","width":118,"height":37,"caption":"Start Be Global"},"image":{"@id":"https:\/\/www.startbeglobal.com\/#\/schema\/logo\/image\/"},"sameAs":["https:\/\/www.facebook.com\/startbeglobal\/","https:\/\/x.com\/startbeglobal","https:\/\/www.instagram.com\/startbeglobal","https:\/\/www.linkedin.com\/company\/start-be-global\/","https:\/\/www.youtube.com\/@StartBeGlobal","https:\/\/www.tiktok.com\/@startbeglobal"]}]}},"acf":[],"_links":{"self":[{"href":"https:\/\/www.startbeglobal.com\/en\/wp-json\/wp\/v2\/pages\/7","targetHints":{"allow":["GET"]}}],"collection":[{"href":"https:\/\/www.startbeglobal.com\/en\/wp-json\/wp\/v2\/pages"}],"about":[{"href":"https:\/\/www.startbeglobal.com\/en\/wp-json\/wp\/v2\/types\/page"}],"author":[{"embeddable":true,"href":"https:\/\/www.startbeglobal.com\/en\/wp-json\/wp\/v2\/users\/1"}],"replies":[{"embeddable":true,"href":"https:\/\/www.startbeglobal.com\/en\/wp-json\/wp\/v2\/comments?post=7"}],"version-history":[{"count":0,"href":"https:\/\/www.startbeglobal.com\/en\/wp-json\/wp\/v2\/pages\/7\/revisions"}],"wp:attachment":[{"href":"https:\/\/www.startbeglobal.com\/en\/wp-json\/wp\/v2\/media?parent=7"}],"curies":[{"name":"wp","href":"https:\/\/api.w.org\/{rel}","templated":true}]}}